{"id":24,"date":"2025-10-26T05:55:38","date_gmt":"2025-10-26T05:55:38","guid":{"rendered":"http:\/\/fullhd.fr\/?page_id=24"},"modified":"2025-12-08T17:52:04","modified_gmt":"2025-12-08T16:52:04","slug":"a-propos","status":"publish","type":"page","link":"https:\/\/fullhd.fr\/?page_id=24","title":{"rendered":"\u00c0 propos"},"content":{"rendered":"\t\t<div data-elementor-type=\"wp-page\" data-elementor-id=\"24\" class=\"elementor elementor-24\">\n\t\t\t\t<div class=\"elementor-element elementor-element-eaf1d5a e-flex e-con-boxed e-con e-parent\" data-id=\"eaf1d5a\" data-element_type=\"container\">\n\t\t\t\t\t<div class=\"e-con-inner\">\n\t\t\t\t<div class=\"elementor-element elementor-element-413d64c elementor-widget elementor-widget-text-editor\" data-id=\"413d64c\" data-element_type=\"widget\" data-widget_type=\"text-editor.default\">\n\t\t\t\t\t\t\t\t\t<p>C\u2019est quoi l\u2019id\u00e9e ?<br \/>J\u2019ai con\u00e7u le blog avant tout pour moi, pour me forcer \u00e0 synth\u00e9tiser toutes mes positions et remarques sur les politiques de logement, sur les grandes questions de soci\u00e9t\u00e9, et sur diverses \u0153uvres d&rsquo;art en tout genre. Tout ce que vous trouverez sur ce blog est garanti sans utilisation d\u2019IA.<\/p><p>Le meilleur Ace Attorney ?<br \/>Le 6, apr\u00e8s m\u00fbre r\u00e9flexion. Mais je conseille de les faire dans l\u2019ordre.<\/p><p>Le meilleur Jaur\u00e8s ?<br \/>Le Jaur\u00e8s des dix derni\u00e8res ann\u00e9es de sa vie, \u00e9videmment.<\/p><p>O\u00f9 me suivre sur les r\u00e9seaux ?<br \/>Je compte me cr\u00e9er un compte Instagram un jour prochain. En attendant, <a href=\"https:\/\/x.com\/MaillePetite\">je suis un peu actif sur X<\/a>.<\/p>\t\t\t\t\t\t\t\t<\/div>\n\t\t\t\t\t<\/div>\n\t\t\t\t<\/div>\n\t\t\t\t<\/div>\n\t\t","protected":false},"excerpt":{"rendered":"<p>C\u2019est quoi l\u2019id\u00e9e ?J\u2019ai con\u00e7u le blog avant tout pour moi, pour me forcer \u00e0 synth\u00e9tiser toutes mes positions et remarques sur les politiques de logement, sur les grandes questions de soci\u00e9t\u00e9, et sur diverses \u0153uvres d&rsquo;art en tout genre. Tout ce que vous trouverez sur ce blog est garanti sans utilisation d\u2019IA. Le meilleur&#8230;<\/p>\n","protected":false},"author":1,"featured_media":0,"parent":0,"menu_order":0,"comment_status":"closed","ping_status":"closed","template":"","meta":{"_kad_post_transparent":"","_kad_post_title":"","_kad_post_layout":"","_kad_post_sidebar_id":"","_kad_post_content_style":"","_kad_post_vertical_padding":"","_kad_post_feature":"","_kad_post_feature_position":"","_kad_post_header":false,"_kad_post_footer":false,"footnotes":""},"class_list":["post-24","page","type-page","status-publish","hentry"],"_links":{"self":[{"href":"https:\/\/fullhd.fr\/index.php?rest_route=\/wp\/v2\/pages\/24","targetHints":{"allow":["GET"]}}],"collection":[{"href":"https:\/\/fullhd.fr\/index.php?rest_route=\/wp\/v2\/pages"}],"about":[{"href":"https:\/\/fullhd.fr\/index.php?rest_route=\/wp\/v2\/types\/page"}],"author":[{"embeddable":true,"href":"https:\/\/fullhd.fr\/index.php?rest_route=\/wp\/v2\/users\/1"}],"replies":[{"embeddable":true,"href":"https:\/\/fullhd.fr\/index.php?rest_route=%2Fwp%2Fv2%2Fcomments&post=24"}],"version-history":[{"count":16,"href":"https:\/\/fullhd.fr\/index.php?rest_route=\/wp\/v2\/pages\/24\/revisions"}],"predecessor-version":[{"id":182,"href":"https:\/\/fullhd.fr\/index.php?rest_route=\/wp\/v2\/pages\/24\/revisions\/182"}],"wp:attachment":[{"href":"https:\/\/fullhd.fr\/index.php?rest_route=%2Fwp%2Fv2%2Fmedia&parent=24"}],"curies":[{"name":"wp","href":"https:\/\/api.w.org\/{rel}","templated":true}]}}